{"id":3097,"date":"2024-11-01T09:51:31","date_gmt":"2024-11-01T09:51:31","guid":{"rendered":"https:\/\/andmork.no\/sertifiseringer\/"},"modified":"2024-11-30T08:31:11","modified_gmt":"2024-11-30T08:31:11","slug":"certifications","status":"publish","type":"page","link":"https:\/\/andmork.no\/en\/certifications\/","title":{"rendered":"Certifications"},"content":{"rendered":"<p>[et_pb_section fb_built=&#8221;1&#8243; admin_label=&#8221;Header Section&#8221; _builder_version=&#8221;4.27.2&#8243; use_background_color_gradient=&#8221;on&#8221; background_color_gradient_stops=&#8221;#ffffff 0%|rgba(10,10,10,0.25) 100%&#8221; background_color_gradient_overlays_image=&#8221;on&#8221; background_color_gradient_start=&#8221;#ffffff&#8221; background_color_gradient_end=&#8221;rgba(10,10,10,0.25)&#8221; background_image=&#8221;https:\/\/andmork.no\/wp-content\/uploads\/2022\/03\/transport-bg3.jpg&#8221; custom_padding=&#8221;5%||50px|||&#8221; global_colors_info=&#8221;{}&#8221;][et_pb_row column_structure=&#8221;2_3,1_3&#8243; custom_padding_last_edited=&#8221;off|desktop&#8221; admin_label=&#8221;Header Row&#8221; _builder_version=&#8221;4.16&#8243; custom_margin=&#8221;|auto||auto|false|false&#8221; custom_padding=&#8221;|||&#8221; custom_padding_phone=&#8221;3vw|||&#8221; global_colors_info=&#8221;{}&#8221;][et_pb_column type=&#8221;2_3&#8243; _builder_version=&#8221;4.16&#8243; custom_padding=&#8221;|||&#8221; global_colors_info=&#8221;{}&#8221; custom_padding__hover=&#8221;|||&#8221;][et_pb_cta title=&#8221;@ET-DC@eyJkeW5hbWljIjp0cnVlLCJjb250ZW50IjoicG9zdF90aXRsZSIsInNldHRpbmdzIjp7ImJlZm9yZSI6IiIsImFmdGVyIjoiIiwiZW5hYmxlX2h0bWwiOiJvZmYifX0=@&#8221; button_url=&#8221;#&#8221; admin_label=&#8221;Heading, Subheading &amp; Button&#8221; _builder_version=&#8221;4.27.2&#8243; _dynamic_attributes=&#8221;title&#8221; header_level=&#8221;h1&#8243; header_font=&#8221;|||on|||||&#8221; header_text_color=&#8221;#ffffff&#8221; header_font_size=&#8221;48px&#8221; body_font=&#8221;||||||||&#8221; body_text_color=&#8221;#ffffff&#8221; body_font_size=&#8221;13px&#8221; use_background_color=&#8221;off&#8221; custom_button=&#8221;on&#8221; button_text_size=&#8221;16px&#8221; button_text_color=&#8221;#ffffff&#8221; button_bg_color=&#8221;#f3b757&#8243; button_border_width=&#8221;10px&#8221; button_border_color=&#8221;rgba(244,88,63,0)&#8221; button_border_radius=&#8221;5px&#8221; button_font=&#8221;|700|||||||&#8221; button_use_icon=&#8221;off&#8221; text_orientation=&#8221;left&#8221; background_layout=&#8221;light&#8221; module_alignment=&#8221;left&#8221; custom_margin=&#8221;|||&#8221; custom_margin_tablet=&#8221;3vw||3vw|&#8221; custom_margin_phone=&#8221;|||&#8221; custom_margin_last_edited=&#8221;off|desktop&#8221; custom_padding=&#8221;20%||20%||false|false&#8221; animation_style=&#8221;fade&#8221; header_font_size_tablet=&#8221;&#8221; header_font_size_phone=&#8221;36px&#8221; header_font_size_last_edited=&#8221;on|phone&#8221; button_text_color_hover=&#8221;#ffffff&#8221; button_border_color_hover=&#8221;rgba(244,88,63,0)&#8221; button_border_radius_hover=&#8221;0px&#8221; button_bg_color_hover=&#8221;#f4583f&#8221; global_colors_info=&#8221;{}&#8221; button_text_size__hover_enabled=&#8221;off&#8221; button_one_text_size__hover_enabled=&#8221;off&#8221; button_two_text_size__hover_enabled=&#8221;off&#8221; button_text_color__hover_enabled=&#8221;on&#8221; button_text_color__hover=&#8221;#ffffff&#8221; button_one_text_color__hover_enabled=&#8221;off&#8221; button_two_text_color__hover_enabled=&#8221;off&#8221; button_border_width__hover_enabled=&#8221;off&#8221; button_one_border_width__hover_enabled=&#8221;off&#8221; button_two_border_width__hover_enabled=&#8221;off&#8221; button_border_color__hover_enabled=&#8221;on&#8221; button_border_color__hover=&#8221;rgba(244,88,63,0)&#8221; button_one_border_color__hover_enabled=&#8221;off&#8221; button_two_border_color__hover_enabled=&#8221;off&#8221; button_border_radius__hover_enabled=&#8221;on&#8221; button_border_radius__hover=&#8221;0px&#8221; button_one_border_radius__hover_enabled=&#8221;off&#8221; button_two_border_radius__hover_enabled=&#8221;off&#8221; button_letter_spacing__hover_enabled=&#8221;off&#8221; button_one_letter_spacing__hover_enabled=&#8221;off&#8221; button_two_letter_spacing__hover_enabled=&#8221;off&#8221; button_bg_color__hover_enabled=&#8221;on&#8221; button_bg_color__hover=&#8221;#f4583f&#8221; button_one_bg_color__hover_enabled=&#8221;off&#8221; button_two_bg_color__hover_enabled=&#8221;off&#8221;][\/et_pb_cta][\/et_pb_column][et_pb_column type=&#8221;1_3&#8243; _builder_version=&#8221;4.16&#8243; custom_padding=&#8221;|||&#8221; global_colors_info=&#8221;{}&#8221; custom_padding__hover=&#8221;|||&#8221;][\/et_pb_column][\/et_pb_row][\/et_pb_section][et_pb_section fb_built=&#8221;1&#8243; _builder_version=&#8221;4.16&#8243; _module_preset=&#8221;default&#8221; background_enable_image=&#8221;off&#8221; custom_padding=&#8221;100px||30px|||&#8221; global_colors_info=&#8221;{}&#8221;][et_pb_row column_structure=&#8221;2_3,1_3&#8243; admin_label=&#8221;Header Row&#8221; _builder_version=&#8221;4.27.2&#8243; custom_padding=&#8221;||0px|||&#8221; global_colors_info=&#8221;{}&#8221;][et_pb_column type=&#8221;2_3&#8243; _builder_version=&#8221;4.16&#8243; custom_padding=&#8221;|||&#8221; global_colors_info=&#8221;{}&#8221; custom_padding__hover=&#8221;|||&#8221;][et_pb_cta button_url=&#8221;#&#8221; admin_label=&#8221;Heading, Subheading &amp; Button&#8221; _builder_version=&#8221;4.27.4&#8243; header_font=&#8221;||||||||&#8221; header_font_size=&#8221;36px&#8221; header_line_height=&#8221;1.5em&#8221; body_font=&#8221;||||||||&#8221; body_text_color=&#8221;#000000&#8243; body_font_size=&#8221;18px&#8221; body_line_height=&#8221;1.4em&#8221; use_background_color=&#8221;off&#8221; custom_button=&#8221;on&#8221; button_text_size=&#8221;16px&#8221; button_text_color=&#8221;#ffffff&#8221; button_bg_color=&#8221;#f3b757&#8243; button_border_width=&#8221;10px&#8221; button_border_color=&#8221;rgba(244,88,63,0)&#8221; button_border_radius=&#8221;5px&#8221; button_font=&#8221;|700|||||||&#8221; button_use_icon=&#8221;off&#8221; text_orientation=&#8221;left&#8221; background_layout=&#8221;light&#8221; module_alignment=&#8221;center&#8221; custom_margin=&#8221;||0px||false|false&#8221; custom_margin_tablet=&#8221;3vw||3vw|&#8221; custom_margin_phone=&#8221;|||&#8221; custom_margin_last_edited=&#8221;off|desktop&#8221; animation_style=&#8221;fade&#8221; header_font_size_tablet=&#8221;&#8221; header_font_size_phone=&#8221;40px&#8221; header_font_size_last_edited=&#8221;on|phone&#8221; button_text_color_hover=&#8221;#ffffff&#8221; button_border_color_hover=&#8221;rgba(244,88,63,0)&#8221; button_border_radius_hover=&#8221;0px&#8221; button_bg_color_hover=&#8221;#f4583f&#8221; global_colors_info=&#8221;{}&#8221; button_text_size__hover_enabled=&#8221;off&#8221; button_one_text_size__hover_enabled=&#8221;off&#8221; button_two_text_size__hover_enabled=&#8221;off&#8221; button_text_color__hover_enabled=&#8221;on&#8221; button_text_color__hover=&#8221;#ffffff&#8221; button_one_text_color__hover_enabled=&#8221;off&#8221; button_two_text_color__hover_enabled=&#8221;off&#8221; button_border_width__hover_enabled=&#8221;off&#8221; button_one_border_width__hover_enabled=&#8221;off&#8221; button_two_border_width__hover_enabled=&#8221;off&#8221; button_border_color__hover_enabled=&#8221;on&#8221; button_border_color__hover=&#8221;rgba(244,88,63,0)&#8221; button_one_border_color__hover_enabled=&#8221;off&#8221; button_two_border_color__hover_enabled=&#8221;off&#8221; button_border_radius__hover_enabled=&#8221;on&#8221; button_border_radius__hover=&#8221;0px&#8221; button_one_border_radius__hover_enabled=&#8221;off&#8221; button_two_border_radius__hover_enabled=&#8221;off&#8221; button_letter_spacing__hover_enabled=&#8221;off&#8221; button_one_letter_spacing__hover_enabled=&#8221;off&#8221; button_two_letter_spacing__hover_enabled=&#8221;off&#8221; button_bg_color__hover_enabled=&#8221;on&#8221; button_bg_color__hover=&#8221;#f4583f&#8221; button_one_bg_color__hover_enabled=&#8221;off&#8221; button_two_bg_color__hover_enabled=&#8221;off&#8221;]<\/p>\n<h3 style=\"color: #324a71; font-weight: 600;\">Approvals<\/h3>\n<h2>Andersen &amp; M\u00f8rck Certifications<\/h2>\n<p>[\/et_pb_cta][et_pb_text _builder_version=&#8221;4.27.4&#8243; _module_preset=&#8221;default&#8221; text_font_size=&#8221;17px&#8221; global_colors_info=&#8221;{}&#8221;]Andersen &amp; M\u00f8rck will offer good and environmentally friendly logistics solutions that provide added value for both our customers and society. We believe in simple solutions adapted to the market\u2019s needs, and we are best at what we do. At Andersen &amp; M\u00f8rck, a pleasant and safe working environment must be created for all employees. We are convinced that this will help meet our customers&#8217; requirements and expectations That is why we have established systems to fulfill approvals and certifications from external bodies. We evaluate these on an ongoing basis, and at the same time, we consider other relevant tools that will be able to strengthen us further.[\/et_pb_text][\/et_pb_column][et_pb_column type=&#8221;1_3&#8243; _builder_version=&#8221;4.27.2&#8243; background_enable_color=&#8221;off&#8221; custom_padding=&#8221;|||&#8221; global_colors_info=&#8221;{}&#8221; custom_padding__hover=&#8221;|||&#8221;][et_pb_image src=&#8221;https:\/\/andmork.no\/wp-content\/uploads\/2023\/05\/Geir-Teistung-portrett.jpg&#8221; title_text=&#8221;Geir Teistung &#8211; portrett&#8221; _builder_version=&#8221;4.27.2&#8243; _module_preset=&#8221;default&#8221; custom_margin=&#8221;||5px||false|false&#8221; global_colors_info=&#8221;{}&#8221;][\/et_pb_image][et_pb_text _builder_version=&#8221;4.27.2&#8243; _module_preset=&#8221;default&#8221; text_orientation=&#8221;center&#8221; custom_margin=&#8221;0px||0px||false|false&#8221; custom_padding=&#8221;0px||0px||false|false&#8221; global_colors_info=&#8221;{}&#8221;]<\/p>\n<p><i>Geir Teistung<\/i><br \/><i>Managing Director<\/i><\/p>\n<p>[\/et_pb_text][\/et_pb_column][\/et_pb_row][et_pb_row column_structure=&#8221;1_3,1_3,1_3&#8243; use_custom_gutter=&#8221;on&#8221; gutter_width=&#8221;2&#8243; _builder_version=&#8221;4.27.2&#8243; _module_preset=&#8221;default&#8221; width=&#8221;90%&#8221; custom_margin=&#8221;50px|auto|50px|auto|false|false&#8221; custom_padding=&#8221;40px|40px|40px|40px|true|true&#8221; border_width_all=&#8221;1px&#8221; border_color_all=&#8221;#3871C1&#8243; global_colors_info=&#8221;{}&#8221;][et_pb_column type=&#8221;1_3&#8243; _builder_version=&#8221;4.17.6&#8243; _module_preset=&#8221;default&#8221; global_colors_info=&#8221;{}&#8221;][et_pb_blurb title=&#8221;Andersen &amp; M\u00f8rck Eco-policy&#8221; image=&#8221;https:\/\/andmork.no\/wp-content\/uploads\/2024\/11\/Miljofyrtarn-box-logo.png&#8221; _builder_version=&#8221;4.27.4&#8243; _module_preset=&#8221;default&#8221; header_font=&#8221;||||||||&#8221; header_font_size=&#8221;24px&#8221; body_font=&#8221;Montserrat||||||||&#8221; body_text_color=&#8221;#727272&#8243; body_link_text_color=&#8221;#3871C1&#8243; hover_enabled=&#8221;0&#8243; global_colors_info=&#8221;{}&#8221; image_icon_width=&#8221;85%&#8221; sticky_enabled=&#8221;0&#8243;]<\/p>\n<p>We have a continuous focus on the environment and environmental considerations must always be the focus of all our purchases and services. We will offer good and environmentally friendly transport solutions that provide added value for both our customers and society.<\/p>\n<p><a href=\"https:\/\/andmork.no\/en\/sustainability\/\" style=\"text-transform: uppercase; font-size: 13px;\">Read more here <\/a><\/p>\n<p>[\/et_pb_blurb][\/et_pb_column][et_pb_column type=&#8221;1_3&#8243; _builder_version=&#8221;4.17.6&#8243; _module_preset=&#8221;default&#8221; global_colors_info=&#8221;{}&#8221;][et_pb_blurb title=&#8221;Debio \u2013 certified.&#8221; image=&#8221;https:\/\/andmork.no\/wp-content\/uploads\/2024\/11\/Debio_logo-green.png&#8221; _builder_version=&#8221;4.27.4&#8243; _module_preset=&#8221;default&#8221; header_font=&#8221;||||||||&#8221; header_font_size=&#8221;24px&#8221; body_font=&#8221;Montserrat||||||||&#8221; body_text_color=&#8221;#727272&#8243; body_link_text_color=&#8221;#3871C1&#8243; hover_enabled=&#8221;0&#8243; global_colors_info=&#8221;{}&#8221; image_icon_width=&#8221;85%&#8221; sticky_enabled=&#8221;0&#8243;]<\/p>\n<p>A Debio certification ensures safe and regulatory handling of your organic products.<\/p>\n<p>[\/et_pb_blurb][\/et_pb_column][et_pb_column type=&#8221;1_3&#8243; _builder_version=&#8221;4.16&#8243; _module_preset=&#8221;default&#8221; global_colors_info=&#8221;{}&#8221;][et_pb_blurb title=&#8221;Authorised Economic Operator&#8221; image=&#8221;https:\/\/andmork.no\/wp-content\/uploads\/2024\/11\/AEO-Certification-2024.png&#8221; _builder_version=&#8221;4.27.4&#8243; _module_preset=&#8221;default&#8221; header_font=&#8221;||||||||&#8221; header_font_size=&#8221;24px&#8221; body_font=&#8221;Montserrat||||||||&#8221; body_link_text_color=&#8221;#3871C1&#8243; hover_enabled=&#8221;0&#8243; global_colors_info=&#8221;{}&#8221; image_icon_width=&#8221;85%&#8221; sticky_enabled=&#8221;0&#8243;]<\/p>\n<p>An AEO approval is proof of secure routines regarding matters relating to security and control in the flow of goods.<br \/>For you as a customer, it means that through our documented routines we meet the requirements of the Norwegian Customs Administration.<a href=\"https:\/\/andmork.no\/en\/declaration\/\" style=\"text-transform: uppercase; font-size: 13px;\"><\/a><\/p>\n<p>[\/et_pb_blurb][\/et_pb_column][\/et_pb_row][\/et_pb_section][et_pb_section fb_built=&#8221;1&#8243; admin_label=&#8221;About Section&#8221; _builder_version=&#8221;4.18.0&#8243; background_color_gradient_direction=&#8221;90deg&#8221; background_image=&#8221;https:\/\/andmork.no\/wp-content\/uploads\/2022\/09\/container-pa-havn.jpg&#8221; module_alignment=&#8221;center&#8221; min_height=&#8221;414px&#8221; custom_padding=&#8221;100px|0px|100px|0px||&#8221; global_module=&#8221;488&#8243; saved_tabs=&#8221;all&#8221; global_colors_info=&#8221;{}&#8221;][et_pb_row use_custom_gutter=&#8221;on&#8221; gutter_width=&#8221;1&#8243; admin_label=&#8221;Texts &amp; Numbers Row&#8221; _builder_version=&#8221;4.27.2&#8243; background_color=&#8221;#ffffff&#8221; width=&#8221;60%&#8221; width_tablet=&#8221;95%&#8221; width_phone=&#8221;95%&#8221; width_last_edited=&#8221;on|phone&#8221; custom_margin=&#8221;||||false|false&#8221; custom_padding=&#8221;||||false|false&#8221; global_colors_info=&#8221;{}&#8221;][et_pb_column type=&#8221;4_4&#8243; _builder_version=&#8221;4.27.2&#8243; custom_padding=&#8221;40px|40px|40px|40px|true|true&#8221; custom_padding_tablet=&#8221;&#8221; custom_padding_phone=&#8221;20px|20px|20px|20px|true|true&#8221; custom_padding_last_edited=&#8221;on|phone&#8221; global_colors_info=&#8221;{}&#8221; custom_padding__hover=&#8221;|||&#8221;][et_pb_text _builder_version=&#8221;4.27.2&#8243; _module_preset=&#8221;default&#8221; header_3_font=&#8221;|600|||||||&#8221; header_3_font_size=&#8221;24px&#8221; custom_margin=&#8221;0px||0px||false|false&#8221; custom_padding=&#8221;||0px||false|false&#8221; global_colors_info=&#8221;{}&#8221;]<\/p>\n<h3>Punctual and personal service.<\/h3>\n<p>[\/et_pb_text][et_pb_cta title=&#8221;With over 150 years with expertise, your products and goods are safe in our hands, wherever in the world you send them.&#8221; admin_label=&#8221;Title &amp; Paragraph&#8221; _builder_version=&#8221;4.27.2&#8243; header_font=&#8221;|700|||||||&#8221; header_text_align=&#8221;left&#8221; header_text_color=&#8221;#000000&#8243; header_font_size=&#8221;30px&#8221; header_line_height=&#8221;1.1em&#8221; body_font=&#8221;Muli||||||||&#8221; body_text_color=&#8221;#727272&#8243; body_font_size=&#8221;18px&#8221; body_line_height=&#8221;1.8em&#8221; background_enable_color=&#8221;off&#8221; text_orientation=&#8221;left&#8221; custom_margin=&#8221;||||false|false&#8221; custom_padding=&#8221;0px|0px|0px|0px|false|false&#8221; custom_padding_tablet=&#8221;60px|||&#8221; custom_padding_phone=&#8221;&#8221; custom_padding_last_edited=&#8221;on|tablet&#8221; header_font_size_tablet=&#8221;&#8221; header_font_size_phone=&#8221;40px&#8221; header_font_size_last_edited=&#8221;on|phone&#8221; global_colors_info=&#8221;{}&#8221; button_text_size__hover_enabled=&#8221;off&#8221; button_one_text_size__hover_enabled=&#8221;off&#8221; button_two_text_size__hover_enabled=&#8221;off&#8221; button_text_color__hover_enabled=&#8221;off&#8221; button_one_text_color__hover_enabled=&#8221;off&#8221; button_two_text_color__hover_enabled=&#8221;off&#8221; button_border_width__hover_enabled=&#8221;off&#8221; button_one_border_width__hover_enabled=&#8221;off&#8221; button_two_border_width__hover_enabled=&#8221;off&#8221; button_border_color__hover_enabled=&#8221;off&#8221; button_one_border_color__hover_enabled=&#8221;off&#8221; button_two_border_color__hover_enabled=&#8221;off&#8221; button_border_radius__hover_enabled=&#8221;off&#8221; button_one_border_radius__hover_enabled=&#8221;off&#8221; button_two_border_radius__hover_enabled=&#8221;off&#8221; button_letter_spacing__hover_enabled=&#8221;off&#8221; button_one_letter_spacing__hover_enabled=&#8221;off&#8221; button_two_letter_spacing__hover_enabled=&#8221;off&#8221; button_bg_color__hover_enabled=&#8221;off&#8221; button_one_bg_color__hover_enabled=&#8221;off&#8221; button_two_bg_color__hover_enabled=&#8221;off&#8221;]Our focus is the customer, and we do everything in our power to find the best solution.[\/et_pb_cta][et_pb_button button_url=&#8221;@ET-DC@eyJkeW5hbWljIjp0cnVlLCJjb250ZW50IjoicG9zdF9saW5rX3VybF9wYWdlIiwic2V0dGluZ3MiOnsicG9zdF9pZCI6IjgxMiIsImVuYWJsZV9odG1sIjoib2ZmIn19@&#8221; button_text=&#8221;Contact us today&#8221; _builder_version=&#8221;4.27.2&#8243; _dynamic_attributes=&#8221;button_url&#8221; _module_preset=&#8221;default&#8221; global_colors_info=&#8221;{}&#8221;][\/et_pb_button][\/et_pb_column][\/et_pb_row][\/et_pb_section]<\/p>\n","protected":false},"excerpt":{"rendered":"<p>Approvals Andersen &amp; M\u00f8rck CertificationsAndersen &amp; M\u00f8rck will offer good and environmentally friendly logistics solutions that provide added value for both our customers and society. We believe in simple solutions adapted to the market\u2019s needs, and we are best at what we do. At Andersen &amp; M\u00f8rck, a pleasant and safe working environment must be [&hellip;]<\/p>\n","protected":false},"author":1,"featured_media":0,"parent":0,"menu_order":0,"comment_status":"closed","ping_status":"closed","template":"","meta":{"_et_pb_use_builder":"on","_et_pb_old_content":"","_et_gb_content_width":"","footnotes":""},"class_list":["post-3097","page","type-page","status-publish","hentry"],"yoast_head":"<!-- This site is optimized with the Yoast SEO plugin v27.5 - https:\/\/yoast.com\/product\/yoast-seo-wordpress\/ -->\n<title>Certifications - Andersen &amp; M\u00f8rck AS<\/title>\n<meta name=\"robots\" content=\"index, follow, max-snippet:-1, max-image-preview:large, max-video-preview:-1\" \/>\n<link rel=\"canonical\" href=\"https:\/\/andmork.no\/en\/certifications\/\" \/>\n<meta property=\"og:locale\" content=\"en_US\" \/>\n<meta property=\"og:type\" content=\"article\" \/>\n<meta property=\"og:title\" content=\"Certifications - Andersen &amp; M\u00f8rck AS\" \/>\n<meta property=\"og:description\" content=\"Approvals Andersen &amp; M\u00f8rck CertificationsAndersen &amp; M\u00f8rck will offer good and environmentally friendly logistics solutions that provide added value for both our customers and society. We believe in simple solutions adapted to the market\u2019s needs, and we are best at what we do. At Andersen &amp; M\u00f8rck, a pleasant and safe working environment must be [&hellip;]\" \/>\n<meta property=\"og:url\" content=\"https:\/\/andmork.no\/en\/certifications\/\" \/>\n<meta property=\"og:site_name\" content=\"Andersen &amp; M\u00f8rck AS\" \/>\n<meta property=\"article:modified_time\" content=\"2024-11-30T08:31:11+00:00\" \/>\n<meta property=\"og:image\" content=\"https:\/\/andmork.no\/wp-content\/uploads\/2022\/09\/Andersen-Morck-ansatt-pa-kaia.jpg\" \/>\n\t<meta property=\"og:image:width\" content=\"1200\" \/>\n\t<meta property=\"og:image:height\" content=\"900\" \/>\n\t<meta property=\"og:image:type\" content=\"image\/jpeg\" \/>\n<meta name=\"twitter:card\" content=\"summary_large_image\" \/>\n<meta name=\"twitter:label1\" content=\"Est. reading time\" \/>\n\t<meta name=\"twitter:data1\" content=\"9 minutes\" \/>\n<script type=\"application\/ld+json\" class=\"yoast-schema-graph\">{\"@context\":\"https:\\\/\\\/schema.org\",\"@graph\":[{\"@type\":\"WebPage\",\"@id\":\"https:\\\/\\\/andmork.no\\\/en\\\/certifications\\\/\",\"url\":\"https:\\\/\\\/andmork.no\\\/en\\\/certifications\\\/\",\"name\":\"Certifications - Andersen &amp; M\u00f8rck AS\",\"isPartOf\":{\"@id\":\"https:\\\/\\\/andmork.no\\\/en\\\/#website\"},\"datePublished\":\"2024-11-01T09:51:31+00:00\",\"dateModified\":\"2024-11-30T08:31:11+00:00\",\"breadcrumb\":{\"@id\":\"https:\\\/\\\/andmork.no\\\/en\\\/certifications\\\/#breadcrumb\"},\"inLanguage\":\"en-US\",\"potentialAction\":[{\"@type\":\"ReadAction\",\"target\":[\"https:\\\/\\\/andmork.no\\\/en\\\/certifications\\\/\"]}]},{\"@type\":\"BreadcrumbList\",\"@id\":\"https:\\\/\\\/andmork.no\\\/en\\\/certifications\\\/#breadcrumb\",\"itemListElement\":[{\"@type\":\"ListItem\",\"position\":1,\"name\":\"Home\",\"item\":\"https:\\\/\\\/andmork.no\\\/en\\\/\"},{\"@type\":\"ListItem\",\"position\":2,\"name\":\"Certifications\"}]},{\"@type\":\"WebSite\",\"@id\":\"https:\\\/\\\/andmork.no\\\/en\\\/#website\",\"url\":\"https:\\\/\\\/andmork.no\\\/en\\\/\",\"name\":\"Andersen & M\u00f8rck AS\",\"description\":\"Logistikk siden 1859\",\"publisher\":{\"@id\":\"https:\\\/\\\/andmork.no\\\/en\\\/#organization\"},\"potentialAction\":[{\"@type\":\"SearchAction\",\"target\":{\"@type\":\"EntryPoint\",\"urlTemplate\":\"https:\\\/\\\/andmork.no\\\/en\\\/?s={search_term_string}\"},\"query-input\":{\"@type\":\"PropertyValueSpecification\",\"valueRequired\":true,\"valueName\":\"search_term_string\"}}],\"inLanguage\":\"en-US\"},{\"@type\":\"Organization\",\"@id\":\"https:\\\/\\\/andmork.no\\\/en\\\/#organization\",\"name\":\"Andersen & M\u00f8rck\",\"url\":\"https:\\\/\\\/andmork.no\\\/en\\\/\",\"logo\":{\"@type\":\"ImageObject\",\"inLanguage\":\"en-US\",\"@id\":\"https:\\\/\\\/andmork.no\\\/en\\\/#\\\/schema\\\/logo\\\/image\\\/\",\"url\":\"https:\\\/\\\/andmork.no\\\/wp-content\\\/uploads\\\/2022\\\/03\\\/am_favicon.png\",\"contentUrl\":\"https:\\\/\\\/andmork.no\\\/wp-content\\\/uploads\\\/2022\\\/03\\\/am_favicon.png\",\"width\":512,\"height\":512,\"caption\":\"Andersen & M\u00f8rck\"},\"image\":{\"@id\":\"https:\\\/\\\/andmork.no\\\/en\\\/#\\\/schema\\\/logo\\\/image\\\/\"}}]}<\/script>\n<!-- \/ Yoast SEO plugin. -->","yoast_head_json":{"title":"Certifications - Andersen &amp; M\u00f8rck AS","robots":{"index":"index","follow":"follow","max-snippet":"max-snippet:-1","max-image-preview":"max-image-preview:large","max-video-preview":"max-video-preview:-1"},"canonical":"https:\/\/andmork.no\/en\/certifications\/","og_locale":"en_US","og_type":"article","og_title":"Certifications - Andersen &amp; M\u00f8rck AS","og_description":"Approvals Andersen &amp; M\u00f8rck CertificationsAndersen &amp; M\u00f8rck will offer good and environmentally friendly logistics solutions that provide added value for both our customers and society. We believe in simple solutions adapted to the market\u2019s needs, and we are best at what we do. At Andersen &amp; M\u00f8rck, a pleasant and safe working environment must be [&hellip;]","og_url":"https:\/\/andmork.no\/en\/certifications\/","og_site_name":"Andersen &amp; M\u00f8rck AS","article_modified_time":"2024-11-30T08:31:11+00:00","og_image":[{"width":1200,"height":900,"url":"https:\/\/andmork.no\/wp-content\/uploads\/2022\/09\/Andersen-Morck-ansatt-pa-kaia.jpg","type":"image\/jpeg"}],"twitter_card":"summary_large_image","twitter_misc":{"Est. reading time":"9 minutes"},"schema":{"@context":"https:\/\/schema.org","@graph":[{"@type":"WebPage","@id":"https:\/\/andmork.no\/en\/certifications\/","url":"https:\/\/andmork.no\/en\/certifications\/","name":"Certifications - Andersen &amp; M\u00f8rck AS","isPartOf":{"@id":"https:\/\/andmork.no\/en\/#website"},"datePublished":"2024-11-01T09:51:31+00:00","dateModified":"2024-11-30T08:31:11+00:00","breadcrumb":{"@id":"https:\/\/andmork.no\/en\/certifications\/#breadcrumb"},"inLanguage":"en-US","potentialAction":[{"@type":"ReadAction","target":["https:\/\/andmork.no\/en\/certifications\/"]}]},{"@type":"BreadcrumbList","@id":"https:\/\/andmork.no\/en\/certifications\/#breadcrumb","itemListElement":[{"@type":"ListItem","position":1,"name":"Home","item":"https:\/\/andmork.no\/en\/"},{"@type":"ListItem","position":2,"name":"Certifications"}]},{"@type":"WebSite","@id":"https:\/\/andmork.no\/en\/#website","url":"https:\/\/andmork.no\/en\/","name":"Andersen & M\u00f8rck AS","description":"Logistikk siden 1859","publisher":{"@id":"https:\/\/andmork.no\/en\/#organization"},"potentialAction":[{"@type":"SearchAction","target":{"@type":"EntryPoint","urlTemplate":"https:\/\/andmork.no\/en\/?s={search_term_string}"},"query-input":{"@type":"PropertyValueSpecification","valueRequired":true,"valueName":"search_term_string"}}],"inLanguage":"en-US"},{"@type":"Organization","@id":"https:\/\/andmork.no\/en\/#organization","name":"Andersen & M\u00f8rck","url":"https:\/\/andmork.no\/en\/","logo":{"@type":"ImageObject","inLanguage":"en-US","@id":"https:\/\/andmork.no\/en\/#\/schema\/logo\/image\/","url":"https:\/\/andmork.no\/wp-content\/uploads\/2022\/03\/am_favicon.png","contentUrl":"https:\/\/andmork.no\/wp-content\/uploads\/2022\/03\/am_favicon.png","width":512,"height":512,"caption":"Andersen & M\u00f8rck"},"image":{"@id":"https:\/\/andmork.no\/en\/#\/schema\/logo\/image\/"}}]}},"_links":{"self":[{"href":"https:\/\/andmork.no\/en\/wp-json\/wp\/v2\/pages\/3097","targetHints":{"allow":["GET"]}}],"collection":[{"href":"https:\/\/andmork.no\/en\/wp-json\/wp\/v2\/pages"}],"about":[{"href":"https:\/\/andmork.no\/en\/wp-json\/wp\/v2\/types\/page"}],"author":[{"embeddable":true,"href":"https:\/\/andmork.no\/en\/wp-json\/wp\/v2\/users\/1"}],"replies":[{"embeddable":true,"href":"https:\/\/andmork.no\/en\/wp-json\/wp\/v2\/comments?post=3097"}],"version-history":[{"count":3,"href":"https:\/\/andmork.no\/en\/wp-json\/wp\/v2\/pages\/3097\/revisions"}],"predecessor-version":[{"id":3133,"href":"https:\/\/andmork.no\/en\/wp-json\/wp\/v2\/pages\/3097\/revisions\/3133"}],"wp:attachment":[{"href":"https:\/\/andmork.no\/en\/wp-json\/wp\/v2\/media?parent=3097"}],"curies":[{"name":"wp","href":"https:\/\/api.w.org\/{rel}","templated":true}]}}