{"id":2212,"date":"2020-09-04T12:10:30","date_gmt":"2020-09-04T12:10:30","guid":{"rendered":"https:\/\/andmork.no\/cookies\/"},"modified":"2023-03-22T18:48:47","modified_gmt":"2023-03-22T18:48:47","slug":"cookies","status":"publish","type":"page","link":"https:\/\/andmork.no\/en\/cookies\/","title":{"rendered":"Cookies"},"content":{"rendered":"&#13;\n<h1 class=\"wp-block-heading\">informasjonskapsler (cookies)<\/h1>&#13;\n&#13;\n<p>Ved \u00e5 bruke denne nettsiden samtykker du i at vi kan sette cookies i din nettleser dersom du ikke aktivt deaktiverer dette selv.<\/p>&#13;\n&#13;\n<p>En <a href=\"https:\/\/no.wikipedia.org\/wiki\/Informasjonskapsel\"><em>informasjonskapsel<\/em><\/a><em>, <\/em>eller \u00abcookie\u00bb, er en liten tekstfil som lagres i nettleserens minne. Disse brukes for eksempel til \u00e5 ivareta brukervalg du gj\u00f8r p\u00e5 siden, lagre handlekurven din og \u00e5 analysere hvordan du bruker sidene v\u00e5re slik at vi kan forbedre oss.<\/p>&#13;\n&#13;\n<p><strong>Disse tjenestene bruker vi p\u00e5 v\u00e5re sider:<\/strong><\/p>&#13;\n&#13;\n<h3 class=\"wp-block-heading\">WordPress<\/h3>&#13;\n&#13;\n<p>WordPress er innholdsstyringssystemet som brukes av dette nettstedet. WordPress bruker informasjonskapsler for \u00e5 holde oversikt over innloggede brukere. <a href=\"https:\/\/codex.wordpress.org\/WordPress_Cookies\">Les mer om informasjonskapslene til WordPress<\/a>.<\/p>&#13;\n&#13;\n<h3 class=\"wp-block-heading\">Google Analytics<\/h3>&#13;\n&#13;\n<p>Vi \u00f8nsker \u00e5 tilby brukeren v\u00e5re gode og relevante nettsider p\u00e5 nettsiden. Det er derfor viktig for oss \u00e5 f\u00e5 tilgang til informasjon om brukerm\u00f8nsteret til de som bruker nettstedet. Ingen av disse opplysningene vil bli brukt til \u00e5 identifisere enkeltpersoner.<\/p>&#13;\n&#13;\n<p>For \u00e5 kunne analysere bruksm\u00f8nstrene, sendes informasjonskapsler til Google Analytics. Brukernes IP-adresser blir anonymisert. <a href=\"https:\/\/developers.google.com\/analytics\/devguides\/collection\/analyticsjs\/cookie-usage\">Google sine nettsider gir en forklaring p\u00e5 hvilke informasjonskapsler som benyttes til hvilke form\u00e5l.<\/a><\/p>&#13;\n&#13;\n<p><strong>Slik kan du unng\u00e5 cookies<\/strong><\/p>&#13;\n&#13;\n<p>Dersom du \u00f8nsker \u00e5 unng\u00e5 cookies, kan du deaktivere bruken av disse i din nettleser. Merk at ved \u00e5 gj\u00f8re dette vil flere av funksjonene p\u00e5 sidene ikke fungere.<\/p>&#13;\n&#13;\n<p><a href=\"http:\/\/windows.microsoft.com\/nb-no\/windows-vista\/block-or-allow-cookies\">Internet Explorer<br\/><\/a><a href=\"https:\/\/support.google.com\/accounts\/answer\/61416?hl=no\">Google Chrome<br\/><\/a><a href=\"https:\/\/support.mozilla.org\/en-US\/kb\/enable-and-disable-cookies-website-preferences\">Mozilla Firefox<br\/><\/a><a href=\"https:\/\/support.apple.com\/kb\/PH19214?locale=no_NO\">Safari<\/a><\/p>&#13;\n","protected":false},"excerpt":{"rendered":"<p>&#13; informasjonskapsler (cookies) &#13; &#13; Ved \u00e5 bruke denne nettsiden samtykker du i at vi kan sette cookies i din nettleser dersom du ikke aktivt deaktiverer dette selv. &#13; &#13; En informasjonskapsel, eller \u00abcookie\u00bb, er en liten tekstfil som lagres i nettleserens minne. Disse brukes for eksempel til \u00e5 ivareta brukervalg du gj\u00f8r p\u00e5 siden, [&hellip;]<\/p>\n","protected":false},"author":1,"featured_media":0,"parent":0,"menu_order":0,"comment_status":"closed","ping_status":"closed","template":"","meta":{"_et_pb_use_builder":"off","_et_pb_old_content":"","_et_gb_content_width":"","footnotes":""},"class_list":["post-2212","page","type-page","status-publish","hentry"],"yoast_head":"<!-- This site is optimized with the Yoast SEO plugin v27.4 - https:\/\/yoast.com\/product\/yoast-seo-wordpress\/ -->\n<title>Cookies - Andersen &amp; M\u00f8rck AS<\/title>\n<meta name=\"robots\" content=\"index, follow, max-snippet:-1, max-image-preview:large, max-video-preview:-1\" \/>\n<link rel=\"canonical\" href=\"https:\/\/andmork.no\/en\/cookies\/\" \/>\n<meta property=\"og:locale\" content=\"en_US\" \/>\n<meta property=\"og:type\" content=\"article\" \/>\n<meta property=\"og:title\" content=\"Cookies - Andersen &amp; M\u00f8rck AS\" \/>\n<meta property=\"og:description\" content=\"&#013; informasjonskapsler (cookies) &#013; &#013; Ved \u00e5 bruke denne nettsiden samtykker du i at vi kan sette cookies i din nettleser dersom du ikke aktivt deaktiverer dette selv. &#013; &#013; En informasjonskapsel, eller \u00abcookie\u00bb, er en liten tekstfil som lagres i nettleserens minne. Disse brukes for eksempel til \u00e5 ivareta brukervalg du gj\u00f8r p\u00e5 siden, [&hellip;]\" \/>\n<meta property=\"og:url\" content=\"https:\/\/andmork.no\/en\/cookies\/\" \/>\n<meta property=\"og:site_name\" content=\"Andersen &amp; M\u00f8rck AS\" \/>\n<meta property=\"article:modified_time\" content=\"2023-03-22T18:48:47+00:00\" \/>\n<meta property=\"og:image\" content=\"https:\/\/andmork.no\/wp-content\/uploads\/2022\/09\/Andersen-Morck-ansatt-pa-kaia.jpg\" \/>\n\t<meta property=\"og:image:width\" content=\"1200\" \/>\n\t<meta property=\"og:image:height\" content=\"900\" \/>\n\t<meta property=\"og:image:type\" content=\"image\/jpeg\" \/>\n<meta name=\"twitter:card\" content=\"summary_large_image\" \/>\n<meta name=\"twitter:label1\" content=\"Est. reading time\" \/>\n\t<meta name=\"twitter:data1\" content=\"1 minute\" \/>\n<script type=\"application\/ld+json\" class=\"yoast-schema-graph\">{\"@context\":\"https:\\\/\\\/schema.org\",\"@graph\":[{\"@type\":\"WebPage\",\"@id\":\"https:\\\/\\\/andmork.no\\\/en\\\/cookies\\\/\",\"url\":\"https:\\\/\\\/andmork.no\\\/en\\\/cookies\\\/\",\"name\":\"Cookies - Andersen &amp; M\u00f8rck AS\",\"isPartOf\":{\"@id\":\"https:\\\/\\\/andmork.no\\\/en\\\/#website\"},\"datePublished\":\"2020-09-04T12:10:30+00:00\",\"dateModified\":\"2023-03-22T18:48:47+00:00\",\"breadcrumb\":{\"@id\":\"https:\\\/\\\/andmork.no\\\/en\\\/cookies\\\/#breadcrumb\"},\"inLanguage\":\"en-US\",\"potentialAction\":[{\"@type\":\"ReadAction\",\"target\":[\"https:\\\/\\\/andmork.no\\\/en\\\/cookies\\\/\"]}]},{\"@type\":\"BreadcrumbList\",\"@id\":\"https:\\\/\\\/andmork.no\\\/en\\\/cookies\\\/#breadcrumb\",\"itemListElement\":[{\"@type\":\"ListItem\",\"position\":1,\"name\":\"Home\",\"item\":\"https:\\\/\\\/andmork.no\\\/en\\\/\"},{\"@type\":\"ListItem\",\"position\":2,\"name\":\"Cookies\"}]},{\"@type\":\"WebSite\",\"@id\":\"https:\\\/\\\/andmork.no\\\/en\\\/#website\",\"url\":\"https:\\\/\\\/andmork.no\\\/en\\\/\",\"name\":\"Andersen & M\u00f8rck AS\",\"description\":\"Logistikk siden 1859\",\"publisher\":{\"@id\":\"https:\\\/\\\/andmork.no\\\/en\\\/#organization\"},\"potentialAction\":[{\"@type\":\"SearchAction\",\"target\":{\"@type\":\"EntryPoint\",\"urlTemplate\":\"https:\\\/\\\/andmork.no\\\/en\\\/?s={search_term_string}\"},\"query-input\":{\"@type\":\"PropertyValueSpecification\",\"valueRequired\":true,\"valueName\":\"search_term_string\"}}],\"inLanguage\":\"en-US\"},{\"@type\":\"Organization\",\"@id\":\"https:\\\/\\\/andmork.no\\\/en\\\/#organization\",\"name\":\"Andersen & M\u00f8rck\",\"url\":\"https:\\\/\\\/andmork.no\\\/en\\\/\",\"logo\":{\"@type\":\"ImageObject\",\"inLanguage\":\"en-US\",\"@id\":\"https:\\\/\\\/andmork.no\\\/en\\\/#\\\/schema\\\/logo\\\/image\\\/\",\"url\":\"https:\\\/\\\/andmork.no\\\/wp-content\\\/uploads\\\/2022\\\/03\\\/am_favicon.png\",\"contentUrl\":\"https:\\\/\\\/andmork.no\\\/wp-content\\\/uploads\\\/2022\\\/03\\\/am_favicon.png\",\"width\":512,\"height\":512,\"caption\":\"Andersen & M\u00f8rck\"},\"image\":{\"@id\":\"https:\\\/\\\/andmork.no\\\/en\\\/#\\\/schema\\\/logo\\\/image\\\/\"}}]}<\/script>\n<!-- \/ Yoast SEO plugin. -->","yoast_head_json":{"title":"Cookies - Andersen &amp; M\u00f8rck AS","robots":{"index":"index","follow":"follow","max-snippet":"max-snippet:-1","max-image-preview":"max-image-preview:large","max-video-preview":"max-video-preview:-1"},"canonical":"https:\/\/andmork.no\/en\/cookies\/","og_locale":"en_US","og_type":"article","og_title":"Cookies - Andersen &amp; M\u00f8rck AS","og_description":"&#13; informasjonskapsler (cookies) &#13; &#13; Ved \u00e5 bruke denne nettsiden samtykker du i at vi kan sette cookies i din nettleser dersom du ikke aktivt deaktiverer dette selv. &#13; &#13; En informasjonskapsel, eller \u00abcookie\u00bb, er en liten tekstfil som lagres i nettleserens minne. Disse brukes for eksempel til \u00e5 ivareta brukervalg du gj\u00f8r p\u00e5 siden, [&hellip;]","og_url":"https:\/\/andmork.no\/en\/cookies\/","og_site_name":"Andersen &amp; M\u00f8rck AS","article_modified_time":"2023-03-22T18:48:47+00:00","og_image":[{"width":1200,"height":900,"url":"https:\/\/andmork.no\/wp-content\/uploads\/2022\/09\/Andersen-Morck-ansatt-pa-kaia.jpg","type":"image\/jpeg"}],"twitter_card":"summary_large_image","twitter_misc":{"Est. reading time":"1 minute"},"schema":{"@context":"https:\/\/schema.org","@graph":[{"@type":"WebPage","@id":"https:\/\/andmork.no\/en\/cookies\/","url":"https:\/\/andmork.no\/en\/cookies\/","name":"Cookies - Andersen &amp; M\u00f8rck AS","isPartOf":{"@id":"https:\/\/andmork.no\/en\/#website"},"datePublished":"2020-09-04T12:10:30+00:00","dateModified":"2023-03-22T18:48:47+00:00","breadcrumb":{"@id":"https:\/\/andmork.no\/en\/cookies\/#breadcrumb"},"inLanguage":"en-US","potentialAction":[{"@type":"ReadAction","target":["https:\/\/andmork.no\/en\/cookies\/"]}]},{"@type":"BreadcrumbList","@id":"https:\/\/andmork.no\/en\/cookies\/#breadcrumb","itemListElement":[{"@type":"ListItem","position":1,"name":"Home","item":"https:\/\/andmork.no\/en\/"},{"@type":"ListItem","position":2,"name":"Cookies"}]},{"@type":"WebSite","@id":"https:\/\/andmork.no\/en\/#website","url":"https:\/\/andmork.no\/en\/","name":"Andersen & M\u00f8rck AS","description":"Logistikk siden 1859","publisher":{"@id":"https:\/\/andmork.no\/en\/#organization"},"potentialAction":[{"@type":"SearchAction","target":{"@type":"EntryPoint","urlTemplate":"https:\/\/andmork.no\/en\/?s={search_term_string}"},"query-input":{"@type":"PropertyValueSpecification","valueRequired":true,"valueName":"search_term_string"}}],"inLanguage":"en-US"},{"@type":"Organization","@id":"https:\/\/andmork.no\/en\/#organization","name":"Andersen & M\u00f8rck","url":"https:\/\/andmork.no\/en\/","logo":{"@type":"ImageObject","inLanguage":"en-US","@id":"https:\/\/andmork.no\/en\/#\/schema\/logo\/image\/","url":"https:\/\/andmork.no\/wp-content\/uploads\/2022\/03\/am_favicon.png","contentUrl":"https:\/\/andmork.no\/wp-content\/uploads\/2022\/03\/am_favicon.png","width":512,"height":512,"caption":"Andersen & M\u00f8rck"},"image":{"@id":"https:\/\/andmork.no\/en\/#\/schema\/logo\/image\/"}}]}},"_links":{"self":[{"href":"https:\/\/andmork.no\/en\/wp-json\/wp\/v2\/pages\/2212","targetHints":{"allow":["GET"]}}],"collection":[{"href":"https:\/\/andmork.no\/en\/wp-json\/wp\/v2\/pages"}],"about":[{"href":"https:\/\/andmork.no\/en\/wp-json\/wp\/v2\/types\/page"}],"author":[{"embeddable":true,"href":"https:\/\/andmork.no\/en\/wp-json\/wp\/v2\/users\/1"}],"replies":[{"embeddable":true,"href":"https:\/\/andmork.no\/en\/wp-json\/wp\/v2\/comments?post=2212"}],"version-history":[{"count":1,"href":"https:\/\/andmork.no\/en\/wp-json\/wp\/v2\/pages\/2212\/revisions"}],"predecessor-version":[{"id":2213,"href":"https:\/\/andmork.no\/en\/wp-json\/wp\/v2\/pages\/2212\/revisions\/2213"}],"wp:attachment":[{"href":"https:\/\/andmork.no\/en\/wp-json\/wp\/v2\/media?parent=2212"}],"curies":[{"name":"wp","href":"https:\/\/api.w.org\/{rel}","templated":true}]}}